{"id":235,"date":"2017-08-22T20:25:19","date_gmt":"2017-08-22T18:25:19","guid":{"rendered":"http:\/\/contor6.de\/the-company\/"},"modified":"2017-08-22T20:25:19","modified_gmt":"2017-08-22T18:25:19","slug":"the-company","status":"publish","type":"page","link":"http:\/\/contor6.de\/en\/the-company\/","title":{"rendered":"The Company"},"content":{"rendered":"<p>Contor 6 konzipiert, entwickelt, implementiert und betreibt professionelle und wohlstrukturierte Webshops, vornehmlich im Kunst- und Musikbereich. Unsere Software bietet mit ihrem modularen Aufbau einen hohen Grad an individuellen Anpassungsm\u00f6glichkeiten f\u00fcr die jeweiligen spezifischen Kundenanforderungen sowohl beim Verkauf von Inhalten gegenst\u00e4ndlicher als auch digitaler Natur.<\/p>\n<p>Das Angebot umfa\u00dft dabei verschiedene Modelle von Kauf oder Lizensierung\u00a0 der Software. Auf Wunsch kann auch unsere jahrelange Expertise\u00a0 in Verwaltung und Pflege von Shop-Portalen genutzt werden.<\/p>\n","protected":false},"excerpt":{"rendered":"<p>Contor 6 konzipiert, entwickelt, implementiert und betreibt professionelle und wohlstrukturierte Webshops, vornehmlich im Kunst- und Musikbereich. Unsere Software bietet mit ihrem modularen Aufbau einen hohen Grad an individuellen Anpassungsm\u00f6glichkeiten f\u00fcr die jeweiligen spezifischen Kundenanforderungen sowohl beim Verkauf von Inhalten gegenst\u00e4ndlicher als auch digitaler Natur. Das Angebot umfa\u00dft dabei verschiedene Modelle von Kauf oder Lizensierung\u00a0 der &hellip; <\/p>\n<p class=\"link-more\"><a href=\"http:\/\/contor6.de\/en\/the-company\/\" class=\"more-link\">Continue reading<span class=\"screen-reader-text\"> &#8220;The Company&#8221;<\/span><\/a><\/p>\n","protected":false},"author":1,"featured_media":224,"parent":0,"menu_order":0,"comment_status":"closed","ping_status":"closed","template":"","meta":{"footnotes":""},"_links":{"self":[{"href":"http:\/\/contor6.de\/en\/wp-json\/wp\/v2\/pages\/235"}],"collection":[{"href":"http:\/\/contor6.de\/en\/wp-json\/wp\/v2\/pages"}],"about":[{"href":"http:\/\/contor6.de\/en\/wp-json\/wp\/v2\/types\/page"}],"author":[{"embeddable":true,"href":"http:\/\/contor6.de\/en\/wp-json\/wp\/v2\/users\/1"}],"replies":[{"embeddable":true,"href":"http:\/\/contor6.de\/en\/wp-json\/wp\/v2\/comments?post=235"}],"version-history":[{"count":0,"href":"http:\/\/contor6.de\/en\/wp-json\/wp\/v2\/pages\/235\/revisions"}],"wp:featuredmedia":[{"embeddable":true,"href":"http:\/\/contor6.de\/en\/wp-json\/wp\/v2\/media\/224"}],"wp:attachment":[{"href":"http:\/\/contor6.de\/en\/wp-json\/wp\/v2\/media?parent=235"}],"curies":[{"name":"wp","href":"https:\/\/api.w.org\/{rel}","templated":true}]}}