{"id":233,"date":"2017-08-22T20:23:39","date_gmt":"2017-08-22T18:23:39","guid":{"rendered":"http:\/\/contor6.de\/shop-for-exquisite-vinyl-records\/"},"modified":"2017-08-22T20:23:39","modified_gmt":"2017-08-22T18:23:39","slug":"shop-for-exquisite-vinyl-records","status":"publish","type":"page","link":"http:\/\/contor6.de\/en\/shop-for-exquisite-vinyl-records\/","title":{"rendered":"Shop for exquisite vinyl records"},"content":{"rendered":"<p>Schallplatten aus Vinyl sind unter Liebhabern gesch\u00e4tzt wie zu allen Zeiten und erfahren gerade eine besondere Renaissance. Unsere Schallplatten werden in einer europ\u00e4ischen Manufaktur handgefertigt. Wir f\u00fchren sowohl Neuauflagen von Klassikern vieler Genres als auch neue Musik.<\/p>\n<p>Also, wer die Wahl hat, hat die Qual&#8230;<\/p>\n<p>Ich will sofort zum <a href=\"https:\/\/shop.contor6.de\/\" target=\"_blank\" rel=\"noopener\">Shop!<\/a><\/p>\n","protected":false},"excerpt":{"rendered":"<p>Schallplatten aus Vinyl sind unter Liebhabern gesch\u00e4tzt wie zu allen Zeiten und erfahren gerade eine besondere Renaissance. Unsere Schallplatten werden in einer europ\u00e4ischen Manufaktur handgefertigt. Wir f\u00fchren sowohl Neuauflagen von Klassikern vieler Genres als auch neue Musik. Also, wer die Wahl hat, hat die Qual&#8230; Ich will sofort zum Shop!<\/p>\n","protected":false},"author":1,"featured_media":223,"parent":0,"menu_order":0,"comment_status":"closed","ping_status":"closed","template":"","meta":{"footnotes":""},"_links":{"self":[{"href":"http:\/\/contor6.de\/en\/wp-json\/wp\/v2\/pages\/233"}],"collection":[{"href":"http:\/\/contor6.de\/en\/wp-json\/wp\/v2\/pages"}],"about":[{"href":"http:\/\/contor6.de\/en\/wp-json\/wp\/v2\/types\/page"}],"author":[{"embeddable":true,"href":"http:\/\/contor6.de\/en\/wp-json\/wp\/v2\/users\/1"}],"replies":[{"embeddable":true,"href":"http:\/\/contor6.de\/en\/wp-json\/wp\/v2\/comments?post=233"}],"version-history":[{"count":0,"href":"http:\/\/contor6.de\/en\/wp-json\/wp\/v2\/pages\/233\/revisions"}],"wp:featuredmedia":[{"embeddable":true,"href":"http:\/\/contor6.de\/en\/wp-json\/wp\/v2\/media\/223"}],"wp:attachment":[{"href":"http:\/\/contor6.de\/en\/wp-json\/wp\/v2\/media?parent=233"}],"curies":[{"name":"wp","href":"https:\/\/api.w.org\/{rel}","templated":true}]}}